{"id":11,"date":"2020-10-04T17:31:56","date_gmt":"2020-10-04T17:31:56","guid":{"rendered":"https:\/\/www.sanftesyoga.ch\/wp\/?page_id=11"},"modified":"2020-10-06T09:00:12","modified_gmt":"2020-10-06T09:00:12","slug":"ueber-mich","status":"publish","type":"page","link":"https:\/\/www.sanftesyoga.ch\/?page_id=11","title":{"rendered":"\u00dcber  mich"},"content":{"rendered":"\n<div class=\"wp-block-media-text alignwide is-stacked-on-mobile\" style=\"grid-template-columns:15% auto\"><figure class=\"wp-block-media-text__media\"><img fetchpriority=\"high\" decoding=\"async\" width=\"216\" height=\"320\" src=\"https:\/\/www.sanftesyoga.ch\/wp-content\/uploads\/2020\/10\/20200303_111220.jpeg\" alt=\"\" class=\"wp-image-104\" srcset=\"https:\/\/www.sanftesyoga.ch\/wp-content\/uploads\/2020\/10\/20200303_111220.jpeg 216w, https:\/\/www.sanftesyoga.ch\/wp-content\/uploads\/2020\/10\/20200303_111220-203x300.jpeg 203w\" sizes=\"(max-width: 216px) 100vw, 216px\" \/><\/figure><div class=\"wp-block-media-text__content\">\n<h2 class=\"has-text-align-center wp-block-heading\">Luzia<br>STEPHAN-Venetz<\/h2>\n\n\n\n<p class=\"has-text-align-center\">Jesuitenweg 96<br>3902 Glis<br><br>072 924 34 68<br>079 655 25 10<br><a href=\"https:\/\/sanftesyoga.ch\">https:\/\/sanftesyoga.ch<\/a><br><a href=\"mailto:luzia.stephan@gmx.ch\" data-type=\"mailto\" data-id=\"mailto:luzia.stephan@gmx.ch\">eMail<\/a><br><\/p>\n\n\n\n<p><\/p>\n<\/div><\/div>\n\n\n\n<p>Mein Name ist<\/p>\n\n\n\n<p>Luzia STEPHAN-Venetz, 1963<\/p>\n\n\n\n<p>nach der Ausbildung als Intensivkrankenschwester mit 20 Jahren Berufserfahrung und Familie mit drei Kindern, f\u00fchrten mich eigene gesundheitliche Probleme zur Meditation und Transformations &#8211; Yoga. Durch meine pers\u00f6nlichen positiven Erfahrungen best\u00e4rkt, erwachte in mir der Wunsch, andere Menschen zu begleiten und unterst\u00fctzen.<br>Darauf folgten die Ausbildung f\u00fcr dipl. Nat\u00fcrlichen Energie Behandlung anschliessend zur dipl. Transformations-Yogalehrerin, sowie die Ausbildung f\u00fcr progressive Beratung<\/p>\n\n\n\n<p>Meine Aus- und Weiterbildungen absolvierte ich in England\/ Somerset am<br><a href=\"https:\/\/www.openpathwaycentre.org\" data-type=\"URL\" data-id=\"https:\/\/www.openpathwaycentre.org\" target=\"_blank\" rel=\"noreferrer noopener\"><strong>Open Pathway Retreat Centre<\/strong><span style=\"color:#19127b\" class=\"has-inline-color\"><\/span><\/a><\/p>\n","protected":false},"excerpt":{"rendered":"<p>LuziaSTEPHAN-Venetz Jesuitenweg 963902 Glis 072 924 34 68079 655 25 10https:\/\/sanftesyoga.cheMail Mein Name ist Luzia STEPHAN-Venetz, 1963 nach der Ausbildung als Intensivkrankenschwester mit 20 Jahren Berufserfahrung und Familie mit drei Kindern, f\u00fchrten mich eigene gesundheitliche Probleme zur Meditation und Transformations &hellip; <a href=\"https:\/\/www.sanftesyoga.ch\/?page_id=11\">Weiter<\/a><\/p>\n","protected":false},"author":1,"featured_media":0,"parent":0,"menu_order":0,"comment_status":"closed","ping_status":"closed","template":"","meta":{"kt_blocks_editor_width":"","footnotes":""},"class_list":["post-11","page","type-page","status-publish","hentry"],"_links":{"self":[{"href":"https:\/\/www.sanftesyoga.ch\/index.php?rest_route=\/wp\/v2\/pages\/11","targetHints":{"allow":["GET"]}}],"collection":[{"href":"https:\/\/www.sanftesyoga.ch\/index.php?rest_route=\/wp\/v2\/pages"}],"about":[{"href":"https:\/\/www.sanftesyoga.ch\/index.php?rest_route=\/wp\/v2\/types\/page"}],"author":[{"embeddable":true,"href":"https:\/\/www.sanftesyoga.ch\/index.php?rest_route=\/wp\/v2\/users\/1"}],"replies":[{"embeddable":true,"href":"https:\/\/www.sanftesyoga.ch\/index.php?rest_route=%2Fwp%2Fv2%2Fcomments&post=11"}],"version-history":[{"count":20,"href":"https:\/\/www.sanftesyoga.ch\/index.php?rest_route=\/wp\/v2\/pages\/11\/revisions"}],"predecessor-version":[{"id":105,"href":"https:\/\/www.sanftesyoga.ch\/index.php?rest_route=\/wp\/v2\/pages\/11\/revisions\/105"}],"wp:attachment":[{"href":"https:\/\/www.sanftesyoga.ch\/index.php?rest_route=%2Fwp%2Fv2%2Fmedia&parent=11"}],"curies":[{"name":"wp","href":"https:\/\/api.w.org\/{rel}","templated":true}]}}