{"id":112,"date":"2020-10-06T09:09:28","date_gmt":"2020-10-06T09:09:28","guid":{"rendered":"https:\/\/www.sanftesyoga.ch\/wp\/?page_id=112"},"modified":"2020-10-06T09:09:28","modified_gmt":"2020-10-06T09:09:28","slug":"progressive-beratung","status":"publish","type":"page","link":"https:\/\/www.sanftesyoga.ch\/?page_id=112","title":{"rendered":"Progressive Beratung"},"content":{"rendered":"\n<p>Das Leben ist sch\u00f6n, ich f\u00fchle mich wohl, habe Energie und verrichte meine Arbeit mit Freude. So kann es sein.<br>Doch alle erleben Zeiten, in denen es nicht so ist. Probleme in der Familie, bei der Arbeit, mit der Gesundheit und vieles mehr zehren an uns, das Leben wird anspruchsvoll und erm\u00fcdend. Wir f\u00fchlen uns lustlos, uns fehlt die Energie, um unsere Aufgaben zu bew\u00e4ltigen.<br>Wir wissen nicht was los ist, doch\u00a0 etwas muss sich \u00e4ndern, aber was und wie?<\/p>\n\n\n\n<p>Progressiv Beratung ist ein effiziente Form von ganzheitlicher&nbsp; Beratung f\u00fcr Menschen, die ihre Probleme anschauen und vorw\u00e4rts gehen wollen. Sie bef\u00e4higt sie, sich selbst und andere besser zu verstehen, sie hilft&nbsp; emotionale und mentale Knoten zu l\u00f6sen und Verantwortung f\u00fcr das eigene Leben zu \u00fcbernehmen, sie hilft ihre Intuition zu entwickeln und eigene Entscheidungen zu treffen, zum Wohl von ihnen selber und ihren Mitmenschen.<\/p>\n\n\n\n<p>Sind sie interessiert und m\u00f6chten sie es ausprobieren?<\/p>\n\n\n\n<p>Beratung nach telefonischer Anmeldung<\/p>\n\n\n\n<p>Preis 80.- pro Beratung<\/p>\n\n\n\n<p>Dauer ca 1 Stunde<\/p>\n","protected":false},"excerpt":{"rendered":"<p>Das Leben ist sch\u00f6n, ich f\u00fchle mich wohl, habe Energie und verrichte meine Arbeit mit Freude. So kann es sein.Doch alle erleben Zeiten, in denen es nicht so ist. Probleme in der Familie, bei der Arbeit, mit der Gesundheit und &hellip; <a href=\"https:\/\/www.sanftesyoga.ch\/?page_id=112\">Weiter<\/a><\/p>\n","protected":false},"author":2,"featured_media":0,"parent":0,"menu_order":0,"comment_status":"closed","ping_status":"closed","template":"","meta":{"kt_blocks_editor_width":"","footnotes":""},"class_list":["post-112","page","type-page","status-publish","hentry"],"_links":{"self":[{"href":"https:\/\/www.sanftesyoga.ch\/index.php?rest_route=\/wp\/v2\/pages\/112","targetHints":{"allow":["GET"]}}],"collection":[{"href":"https:\/\/www.sanftesyoga.ch\/index.php?rest_route=\/wp\/v2\/pages"}],"about":[{"href":"https:\/\/www.sanftesyoga.ch\/index.php?rest_route=\/wp\/v2\/types\/page"}],"author":[{"embeddable":true,"href":"https:\/\/www.sanftesyoga.ch\/index.php?rest_route=\/wp\/v2\/users\/2"}],"replies":[{"embeddable":true,"href":"https:\/\/www.sanftesyoga.ch\/index.php?rest_route=%2Fwp%2Fv2%2Fcomments&post=112"}],"version-history":[{"count":1,"href":"https:\/\/www.sanftesyoga.ch\/index.php?rest_route=\/wp\/v2\/pages\/112\/revisions"}],"predecessor-version":[{"id":114,"href":"https:\/\/www.sanftesyoga.ch\/index.php?rest_route=\/wp\/v2\/pages\/112\/revisions\/114"}],"wp:attachment":[{"href":"https:\/\/www.sanftesyoga.ch\/index.php?rest_route=%2Fwp%2Fv2%2Fmedia&parent=112"}],"curies":[{"name":"wp","href":"https:\/\/api.w.org\/{rel}","templated":true}]}}