{"id":115,"date":"2020-10-06T09:10:23","date_gmt":"2020-10-06T09:10:23","guid":{"rendered":"https:\/\/www.sanftesyoga.ch\/wp\/?page_id=115"},"modified":"2020-10-06T09:23:39","modified_gmt":"2020-10-06T09:23:39","slug":"natuerlich-energetisches-heilen","status":"publish","type":"page","link":"https:\/\/www.sanftesyoga.ch\/?page_id=115","title":{"rendered":"Nat\u00fcrlich &#8211; Energetisches Heilen"},"content":{"rendered":"\n<div class=\"wp-block-image\"><figure class=\"aligncenter size-large is-resized\"><img decoding=\"async\" src=\"https:\/\/www.sanftesyoga.ch\/wp-content\/uploads\/2020\/10\/animal-158296_1280.png\" alt=\"\" class=\"wp-image-106\" width=\"146\" height=\"92\" srcset=\"https:\/\/www.sanftesyoga.ch\/wp-content\/uploads\/2020\/10\/animal-158296_1280.png 320w, https:\/\/www.sanftesyoga.ch\/wp-content\/uploads\/2020\/10\/animal-158296_1280-300x188.png 300w, https:\/\/www.sanftesyoga.ch\/wp-content\/uploads\/2020\/10\/animal-158296_1280-80x50.png 80w\" sizes=\"(max-width: 146px) 100vw, 146px\" \/><\/figure><\/div>\n\n\n\n<p><br>Viele Menschen leiden unter Krankheiten und Schmerzen. Sie suchen Hilfe bei \u00c4rzten und unterziehen sich verschiedenen Therapien. Meistens werden die Patienten gesund und freuen sich. Aber nicht bei allen ist es so. Krankheiten k\u00f6nnen chronisch werden, Symptome verschlimmern sich. Diese Menschen brauchen viel Energie und Willensst\u00e4rke, um damit umzugehen. Sie suchen komplement\u00e4re Therapien.<\/p>\n\n\n\n<p>Nat\u00fcrlich &#8211; Energetisches Heilen ist eine alte Form des Heilens ohne jegliche \u00e4usseren Hilfsmittel. Es mobilisiert die Selbstheilungskr\u00e4fte im Innern und hilft Menschen mit k\u00f6rperlichen und seelischen Leiden, eigenverantwortlicher und leichter ihr Leben zu meistern.<\/p>\n\n\n\n<p>Nat\u00fcrlich &#8211; Energetisches Heilen beinhaltet ein Konsultationsgespr\u00e4ch und eine Heilbehandlung durch Hand auf Legen.<\/p>\n\n\n\n<p>Nat\u00fcrlich &#8211; Energetisches Heilen Therapie ist eine komplement\u00e4re Therapie und schliesst keine andere Therapien aus, im Gegenteil, es unterst\u00fctzt diese ganzheitlich. Es ist kein trennendes \u201eentweder &#8211; oder\u201c sondern ein miteinander \u201esowohl als auch\u201c<\/p>\n\n\n\n<p>Die Behandlung dauert ca. eine Stunde und kostet 80.-<\/p>\n","protected":false},"excerpt":{"rendered":"<p>Viele Menschen leiden unter Krankheiten und Schmerzen. Sie suchen Hilfe bei \u00c4rzten und unterziehen sich verschiedenen Therapien. Meistens werden die Patienten gesund und freuen sich. Aber nicht bei allen ist es so. Krankheiten k\u00f6nnen chronisch werden, Symptome verschlimmern sich. Diese &hellip; <a href=\"https:\/\/www.sanftesyoga.ch\/?page_id=115\">Weiter<\/a><\/p>\n","protected":false},"author":2,"featured_media":0,"parent":0,"menu_order":0,"comment_status":"closed","ping_status":"closed","template":"","meta":{"kt_blocks_editor_width":"","footnotes":""},"class_list":["post-115","page","type-page","status-publish","hentry"],"_links":{"self":[{"href":"https:\/\/www.sanftesyoga.ch\/index.php?rest_route=\/wp\/v2\/pages\/115","targetHints":{"allow":["GET"]}}],"collection":[{"href":"https:\/\/www.sanftesyoga.ch\/index.php?rest_route=\/wp\/v2\/pages"}],"about":[{"href":"https:\/\/www.sanftesyoga.ch\/index.php?rest_route=\/wp\/v2\/types\/page"}],"author":[{"embeddable":true,"href":"https:\/\/www.sanftesyoga.ch\/index.php?rest_route=\/wp\/v2\/users\/2"}],"replies":[{"embeddable":true,"href":"https:\/\/www.sanftesyoga.ch\/index.php?rest_route=%2Fwp%2Fv2%2Fcomments&post=115"}],"version-history":[{"count":4,"href":"https:\/\/www.sanftesyoga.ch\/index.php?rest_route=\/wp\/v2\/pages\/115\/revisions"}],"predecessor-version":[{"id":136,"href":"https:\/\/www.sanftesyoga.ch\/index.php?rest_route=\/wp\/v2\/pages\/115\/revisions\/136"}],"wp:attachment":[{"href":"https:\/\/www.sanftesyoga.ch\/index.php?rest_route=%2Fwp%2Fv2%2Fmedia&parent=115"}],"curies":[{"name":"wp","href":"https:\/\/api.w.org\/{rel}","templated":true}]}}