{"id":121,"date":"2020-10-06T09:14:30","date_gmt":"2020-10-06T09:14:30","guid":{"rendered":"https:\/\/www.sanftesyoga.ch\/wp\/?page_id=121"},"modified":"2020-10-06T09:24:21","modified_gmt":"2020-10-06T09:24:21","slug":"aqua-yoga","status":"publish","type":"page","link":"https:\/\/www.sanftesyoga.ch\/?page_id=121","title":{"rendered":"Aqua Yoga"},"content":{"rendered":"\n<figure class=\"wp-block-image size-large\"><img fetchpriority=\"high\" decoding=\"async\" width=\"582\" height=\"410\" src=\"https:\/\/www.sanftesyoga.ch\/wp-content\/uploads\/2020\/10\/AquaYoga.png\" alt=\"\" class=\"wp-image-122\" srcset=\"https:\/\/www.sanftesyoga.ch\/wp-content\/uploads\/2020\/10\/AquaYoga.png 582w, https:\/\/www.sanftesyoga.ch\/wp-content\/uploads\/2020\/10\/AquaYoga-300x211.png 300w\" sizes=\"(max-width: 582px) 100vw, 582px\" \/><\/figure>\n\n\n\n<p>Sanftes Yoga im Wasser. Eine neue M\u00f6glichkeit Transformation-Hatha-Yoga zu \u00fcben. Sie bewegen den K\u00f6rper fast schwerelos im Rhythmus ihres Atems.&nbsp; K\u00f6rperliche Einschr\u00e4nkungen werden respektiert und die Uebungen angepasst. Die Energie fliesst, sie k\u00f6nnen den Alltag loslassen und entspannen.<\/p>\n\n\n\n<p>F\u00fcr Schwimmer und Nichtschwimmer geeignet, mit und ohne Yogaerfahrung.&nbsp;<\/p>\n\n\n\n<p><a href=\"https:\/\/www.sanftesyoga.ch\/?page_id=11\" data-type=\"page\" data-id=\"11\">bei Interesse, bitte melden<\/a><\/p>\n","protected":false},"excerpt":{"rendered":"<p>Sanftes Yoga im Wasser. Eine neue M\u00f6glichkeit Transformation-Hatha-Yoga zu \u00fcben. Sie bewegen den K\u00f6rper fast schwerelos im Rhythmus ihres Atems.&nbsp; K\u00f6rperliche Einschr\u00e4nkungen werden respektiert und die Uebungen angepasst. Die Energie fliesst, sie k\u00f6nnen den Alltag loslassen und entspannen. F\u00fcr Schwimmer &hellip; <a href=\"https:\/\/www.sanftesyoga.ch\/?page_id=121\">Weiter<\/a><\/p>\n","protected":false},"author":2,"featured_media":0,"parent":0,"menu_order":0,"comment_status":"closed","ping_status":"closed","template":"","meta":{"kt_blocks_editor_width":"","footnotes":""},"class_list":["post-121","page","type-page","status-publish","hentry"],"_links":{"self":[{"href":"https:\/\/www.sanftesyoga.ch\/index.php?rest_route=\/wp\/v2\/pages\/121","targetHints":{"allow":["GET"]}}],"collection":[{"href":"https:\/\/www.sanftesyoga.ch\/index.php?rest_route=\/wp\/v2\/pages"}],"about":[{"href":"https:\/\/www.sanftesyoga.ch\/index.php?rest_route=\/wp\/v2\/types\/page"}],"author":[{"embeddable":true,"href":"https:\/\/www.sanftesyoga.ch\/index.php?rest_route=\/wp\/v2\/users\/2"}],"replies":[{"embeddable":true,"href":"https:\/\/www.sanftesyoga.ch\/index.php?rest_route=%2Fwp%2Fv2%2Fcomments&post=121"}],"version-history":[{"count":3,"href":"https:\/\/www.sanftesyoga.ch\/index.php?rest_route=\/wp\/v2\/pages\/121\/revisions"}],"predecessor-version":[{"id":137,"href":"https:\/\/www.sanftesyoga.ch\/index.php?rest_route=\/wp\/v2\/pages\/121\/revisions\/137"}],"wp:attachment":[{"href":"https:\/\/www.sanftesyoga.ch\/index.php?rest_route=%2Fwp%2Fv2%2Fmedia&parent=121"}],"curies":[{"name":"wp","href":"https:\/\/api.w.org\/{rel}","templated":true}]}}