{"id":126,"date":"2020-10-06T09:16:53","date_gmt":"2020-10-06T09:16:53","guid":{"rendered":"https:\/\/www.sanftesyoga.ch\/wp\/?page_id=126"},"modified":"2020-10-06T09:16:53","modified_gmt":"2020-10-06T09:16:53","slug":"gemeinsames-meditieren","status":"publish","type":"page","link":"https:\/\/www.sanftesyoga.ch\/?page_id=126","title":{"rendered":"Gemeinsames Meditieren"},"content":{"rendered":"\n<p>Viele Menschen sind auf der Suche nach Liebe, Frieden, Gl\u00fcck, Erkenntnis und Weisheit. Sie suchen \u00fcberall, bei anderen Menschen, in fremden L\u00e4ndern, in der Arbeit, Freizeit oder anderen Dingen. Vor\u00fcbergehend mag es helfen, doch meist nur f\u00fcr kurze Zeit.<\/p>\n\n\n\n<p>Dabei findest Du wahren Frieden nur in Dir Selbst, in der Stille. Meditieren heisst still werden und zuh\u00f6ren, bewusst werden und sein, Erkenntnis und Weisheit finden.<\/p>\n\n\n\n<p>Die Reine Meditation hilft uns, unserem K\u00f6rper und Verstand loszulassen und wieder ganz uns selbst zu werden; wer wir wirklich sind, Selbstrealisation.<br>Finde Dein inneres Licht und du erf\u00e4hrst mehr Freude, Frieden und Liebe in Deinem Leben.<br>Gemeinsames Meditieren hilft allen Anwesenden.<\/p>\n\n\n\n<p>Jeden ersten Donnerstag im Monat um 09.00 Uhr k\u00f6nnen wir bei mir zu Hause gemeinsam Meditieren.<\/p>\n\n\n\n<p><a href=\"https:\/\/www.sanftesyoga.ch\/?page_id=11\" data-type=\"page\" data-id=\"11\">Bitte um Anmeldung am Vortag<\/a>.<\/p>\n","protected":false},"excerpt":{"rendered":"<p>Viele Menschen sind auf der Suche nach Liebe, Frieden, Gl\u00fcck, Erkenntnis und Weisheit. Sie suchen \u00fcberall, bei anderen Menschen, in fremden L\u00e4ndern, in der Arbeit, Freizeit oder anderen Dingen. Vor\u00fcbergehend mag es helfen, doch meist nur f\u00fcr kurze Zeit. Dabei &hellip; <a href=\"https:\/\/www.sanftesyoga.ch\/?page_id=126\">Weiter<\/a><\/p>\n","protected":false},"author":2,"featured_media":0,"parent":0,"menu_order":0,"comment_status":"closed","ping_status":"closed","template":"","meta":{"kt_blocks_editor_width":"","footnotes":""},"class_list":["post-126","page","type-page","status-publish","hentry"],"_links":{"self":[{"href":"https:\/\/www.sanftesyoga.ch\/index.php?rest_route=\/wp\/v2\/pages\/126","targetHints":{"allow":["GET"]}}],"collection":[{"href":"https:\/\/www.sanftesyoga.ch\/index.php?rest_route=\/wp\/v2\/pages"}],"about":[{"href":"https:\/\/www.sanftesyoga.ch\/index.php?rest_route=\/wp\/v2\/types\/page"}],"author":[{"embeddable":true,"href":"https:\/\/www.sanftesyoga.ch\/index.php?rest_route=\/wp\/v2\/users\/2"}],"replies":[{"embeddable":true,"href":"https:\/\/www.sanftesyoga.ch\/index.php?rest_route=%2Fwp%2Fv2%2Fcomments&post=126"}],"version-history":[{"count":1,"href":"https:\/\/www.sanftesyoga.ch\/index.php?rest_route=\/wp\/v2\/pages\/126\/revisions"}],"predecessor-version":[{"id":128,"href":"https:\/\/www.sanftesyoga.ch\/index.php?rest_route=\/wp\/v2\/pages\/126\/revisions\/128"}],"wp:attachment":[{"href":"https:\/\/www.sanftesyoga.ch\/index.php?rest_route=%2Fwp%2Fv2%2Fmedia&parent=126"}],"curies":[{"name":"wp","href":"https:\/\/api.w.org\/{rel}","templated":true}]}}